{"id":2285,"date":"2020-04-26T15:29:02","date_gmt":"2020-04-26T15:29:02","guid":{"rendered":"https:\/\/derwerf.com\/?page_id=2285"},"modified":"2025-12-01T12:35:44","modified_gmt":"2025-12-01T12:35:44","slug":"cursus","status":"publish","type":"page","link":"https:\/\/derwerf.com\/index.php\/cursus\/","title":{"rendered":"cursussen"},"content":{"rendered":"<h1>De kracht van cre\u00ebren<\/h1>\n<p><em>creatieve energie als intu\u00eftieve bron<\/em><\/p>\n<p><strong>Voor 2026 staan er verschillende cursussen op de agenda. Intu\u00eftief en creatief. Vanuit mijn kunstenaarschap reik ik opdrachten en technieken aan waardoor je je kennis van het materiaal vergroot. Vanuit mijn kennis als heler\/energetisch therapeut, help ik om te voelen terwijl je tekent\/schildert, om te voelen wat er met je gebeurd als je naar je eigen werkstukken kijkt.<\/strong><\/p>\n<p>De lessen zijn vormgegeven om te genieten van het tekenen\/schilderen, terwijl je op je eigen niveau bijleert.\u00a0 Met een kwast\/potlood in de hand geeft iedere deelnemer zijn eigen draai aan opdrachten en aanwijzingen. Je kunt niks fout doen, hier is ruimte om dingen uit te proberen, opnieuw te beginnen, over te schilderen. Door vrij te spelen, ontwikkel je je eigen handschrift en krijg je meer gemak in tekenen\/schilderen.<\/p>\n<p>Elke cursus heeft zijn eigen focus. <span style=\"font-size: 1rem;\">De lessen op donderdagavond en zondagmiddag gaan dieper in op de techniek van schilderen\/tekenen; hoe begin je een abstract schilderij\/ waarom lijkt de bloem op mijn papier niet op de bloem die ik voor me zie? De zondagochtend gaat dieper in op de intu\u00eftieve kant van tekenen\/schilderen; welke beweging wil gemaakt worden als je je hand vrij laat gaan? Welke kleur pak je als je luistert naar je intu\u00eftie? Hoe weet je dat je naar je intu\u00eftie luistert?<\/span><\/p>\n<p>Alle lessen hebben ruimte voor je persoonlijke proces. Hoe zit je erbij? Wat voel je tijdens het scheppingsproces? Wat laat de tekening jou zien? We starten en eindigen elke les met een moment van stilte\/meditatie. Ze zijn in te stappen zonder voorkennis. Heb je wel voorkennis, help ik je de opdrachten op jouw niveau interessant te maken. De lessen zijn flexibel van opzet, zodat ingespeeld kan worden op wat er nodig is.<\/p>\n<p>meer info <a href=\"https:\/\/derwerf.com\/index.php\/donderdagavond\/\" target=\"_blank\" rel=\"noopener\">donderdagavond &#8211; abstract schilderen<\/a><br \/>\nmeer info <a href=\"https:\/\/derwerf.com\/index.php\/zondagochtend\/\" target=\"_blank\" rel=\"noopener\">zondagochtend &#8211; intu\u00eftief tekenen\/schilderen<\/a><br \/>\nmeer info <a href=\"https:\/\/derwerf.com\/index.php\/zondagmiddag\/\" target=\"_blank\" rel=\"noopener\">zondagmiddag &#8211; tekenen naar de natuur<\/a><\/p>\n<blockquote><p><strong><span style=\"color: #003366;\">Reacties van eerdere deelnemers<\/span><\/strong><\/p>\n<p><span style=\"color: #003366;\">&#8220;Hanneke zorgt voor een goede voorbereiding en cre\u00ebert een veilige ruimte waar ik met al mijn onzekerheden en zekerheden kan \u2018zijn\u2019. Zij is niet alleen onze leidster maar tevens een reisgenoot. Ik leer kijken met al mijn zintuigen en kan verbinding maken met het \u2018object\u2019 in de natuur, zoals een varen, rotspartij of beekje. Respect- en liefdevol worden ervaringen gedeeld, waardoor ik ook leer kijken met de ogen van een ander.&#8221;<\/span><\/p>\n<p><span style=\"color: #003366;\">&#8220;De kern. Houden van wat je zelf gemaakt hebt. Liefhebben.&#8221;<\/span><\/p><\/blockquote>\n<p><img loading=\"lazy\" decoding=\"async\" class=\"alignnone size-full wp-image-3553\" src=\"https:\/\/derwerf.com\/wp-content\/uploads\/2025\/10\/binnen_buiten.jpg\" alt=\"\" width=\"1858\" height=\"408\" srcset=\"https:\/\/derwerf.com\/wp-content\/uploads\/2025\/10\/binnen_buiten.jpg 1858w, https:\/\/derwerf.com\/wp-content\/uploads\/2025\/10\/binnen_buiten-300x66.jpg 300w, https:\/\/derwerf.com\/wp-content\/uploads\/2025\/10\/binnen_buiten-1024x225.jpg 1024w, https:\/\/derwerf.com\/wp-content\/uploads\/2025\/10\/binnen_buiten-768x169.jpg 768w, https:\/\/derwerf.com\/wp-content\/uploads\/2025\/10\/binnen_buiten-1536x337.jpg 1536w, https:\/\/derwerf.com\/wp-content\/uploads\/2025\/10\/binnen_buiten-624x137.jpg 624w\" sizes=\"auto, (max-width: 1858px) 100vw, 1858px\" \/><\/p>\n","protected":false},"excerpt":{"rendered":"<p>De kracht van cre\u00ebren creatieve energie als intu\u00eftieve bron Voor 2026 staan er verschillende cursussen op de agenda. Intu\u00eftief en creatief. Vanuit mijn kunstenaarschap reik ik opdrachten en technieken aan waardoor je je kennis van het materiaal vergroot. Vanuit mijn kennis als heler\/energetisch therapeut, help ik om te voelen terwijl je tekent\/schildert, om te voelen [&hellip;]<\/p>\n","protected":false},"author":2,"featured_media":0,"parent":0,"menu_order":0,"comment_status":"closed","ping_status":"closed","template":"","meta":{"footnotes":""},"class_list":["post-2285","page","type-page","status-publish","hentry"],"jetpack_sharing_enabled":true,"jetpack_shortlink":"https:\/\/wp.me\/P7UKX3-AR","_links":{"self":[{"href":"https:\/\/derwerf.com\/index.php\/wp-json\/wp\/v2\/pages\/2285","targetHints":{"allow":["GET"]}}],"collection":[{"href":"https:\/\/derwerf.com\/index.php\/wp-json\/wp\/v2\/pages"}],"about":[{"href":"https:\/\/derwerf.com\/index.php\/wp-json\/wp\/v2\/types\/page"}],"author":[{"embeddable":true,"href":"https:\/\/derwerf.com\/index.php\/wp-json\/wp\/v2\/users\/2"}],"replies":[{"embeddable":true,"href":"https:\/\/derwerf.com\/index.php\/wp-json\/wp\/v2\/comments?post=2285"}],"version-history":[{"count":41,"href":"https:\/\/derwerf.com\/index.php\/wp-json\/wp\/v2\/pages\/2285\/revisions"}],"predecessor-version":[{"id":3651,"href":"https:\/\/derwerf.com\/index.php\/wp-json\/wp\/v2\/pages\/2285\/revisions\/3651"}],"wp:attachment":[{"href":"https:\/\/derwerf.com\/index.php\/wp-json\/wp\/v2\/media?parent=2285"}],"curies":[{"name":"wp","href":"https:\/\/api.w.org\/{rel}","templated":true}]}}